{"id":2,"date":"2012-03-30T11:38:56","date_gmt":"2012-03-30T11:38:56","guid":{"rendered":"http:\/\/compad.fr\/blog\/\/?page_id=2"},"modified":"2021-07-07T17:48:56","modified_gmt":"2021-07-07T15:48:56","slug":"about","status":"publish","type":"page","link":"https:\/\/compad.fr\/blog\/about\/","title":{"rendered":"A propos de Compad"},"content":{"rendered":"<p>Compad est une soci\u00e9t\u00e9 de <strong>conseil et services informatiques pour les PME\/PMI\/PL<\/strong> de la r\u00e9gion\u00a0Lyonnaise. Notre vocation est de guider les entreprises dans la jungle informatique qui les entoure. Nous ne vendons pas de mat\u00e9riel directement mais orientons nos clients chez nos partenaires fournisseurs. Cette politique commerciale nous permet d&rsquo;\u00eatre d&rsquo;<strong>une objectivit\u00e9 rare dans un secteur\u00a0o\u00f9 les marges et la pression du stock faussent malheureusement trop souvent les conseils prodigu\u00e9s<\/strong>. Notre m\u00e9tier n&rsquo;est pas de vendre du mat\u00e9riel, nous laissons cela \u00e0 des sp\u00e9cialistes bien plus comp\u00e9titifs. Nous nous attachons \u00e0 trouver le meilleur rapport qualit\u00e9\/performance\/prix et assistons nos clients lors de la commande, installation et maintenance des \u00e9quipements, logiciels ou services que leur activit\u00e9 n\u00e9cessite.<\/p>\n<p>Nous avons plus particuli\u00e8rement d\u00e9velopp\u00e9 une expertise sur les services et produits suivants :<\/p>\n<ul>\n<li>Serveurs de fichiers (NAS)\u00a0<a title=\"Synology\" href=\"http:\/\/www.synology.com\/\">Synology<\/a><\/li>\n<li>Logiciel de gestion int\u00e9gr\u00e9e (ERP\/CRM)\u00a0<a title=\"Dolibarr\" href=\"http:\/\/www.dolibarr.fr\/\" target=\"_blank\" rel=\"noopener noreferrer\">Dolibarr<\/a><\/li>\n<li>T\u00e9l\u00e9phonie sur IP (partenaire agr\u00e9\u00e9 OVH)<\/li>\n<li>Sauvegarde en ligne<\/li>\n<li>R\u00e9cup\u00e9ration de donn\u00e9es<\/li>\n<li>Cr\u00e9ation de messages d&rsquo;attente pour standard t\u00e9l\u00e9phonique en quelques clics :\u00a0<a href=\"http:\/\/studio.compad.fr\" target=\"_blank\" rel=\"noopener noreferrer\">studio.compad.fr<\/a><\/li>\n<li>Edition de sites web TPE\/PL<\/li>\n<\/ul>\n\n\n<figure class=\"wp-block-gallery columns-2\"><ul class=\"blocks-gallery-grid\"><li class=\"blocks-gallery-item\"><figure><img loading=\"lazy\" width=\"389\" height=\"115\" src=\"https:\/\/compad.fr\/blog\/wp-content\/uploads\/2020\/01\/Synology_logo_Standard-1.png\" alt=\"\" data-id=\"180\" data-link=\"http:\/\/compad.fr\/blog\/about\/synology_logo_standard-2\/\" class=\"wp-image-180\" srcset=\"https:\/\/compad.fr\/blog\/wp-content\/uploads\/2020\/01\/Synology_logo_Standard-1.png 389w, https:\/\/compad.fr\/blog\/wp-content\/uploads\/2020\/01\/Synology_logo_Standard-1-300x89.png 300w\" sizes=\"(max-width: 389px) 100vw, 389px\" \/><\/figure><\/li><li class=\"blocks-gallery-item\"><figure><img loading=\"lazy\" width=\"1024\" height=\"222\" src=\"https:\/\/compad.fr\/blog\/wp-content\/uploads\/2021\/07\/ovhcloud-standard-partner-white-1024x222.jpg\" alt=\"Partenaire OVHCloud\" data-id=\"269\" data-full-url=\"http:\/\/compad.fr\/blog\/wp-content\/uploads\/2021\/07\/ovhcloud-standard-partner-white.jpg\" data-link=\"https:\/\/compad.fr\/blog\/about\/ovhcloud-standard-partner-white\/\" class=\"wp-image-269\" srcset=\"https:\/\/compad.fr\/blog\/wp-content\/uploads\/2021\/07\/ovhcloud-standard-partner-white-1024x222.jpg 1024w, https:\/\/compad.fr\/blog\/wp-content\/uploads\/2021\/07\/ovhcloud-standard-partner-white-300x65.jpg 300w, https:\/\/compad.fr\/blog\/wp-content\/uploads\/2021\/07\/ovhcloud-standard-partner-white-768x167.jpg 768w, https:\/\/compad.fr\/blog\/wp-content\/uploads\/2021\/07\/ovhcloud-standard-partner-white.jpg 1418w\" sizes=\"(max-width: 1024px) 100vw, 1024px\" \/><\/figure><\/li><\/ul><\/figure>\n\n\n\n<p><\/p>\n","protected":false},"excerpt":{"rendered":"<p>Compad est une soci\u00e9t\u00e9 de conseil et services informatiques pour les PME\/PMI\/PL de la r\u00e9gion\u00a0Lyonnaise. Notre vocation est de guider les entreprises dans la jungle informatique qui les entoure. Nous ne vendons pas de mat\u00e9riel directement mais orientons nos clients chez nos partenaires fournisseurs. Cette politique commerciale nous permet d&rsquo;\u00eatre d&rsquo;une objectivit\u00e9 rare dans un <a href=\"https:\/\/compad.fr\/blog\/about\/\" rel=\"nofollow\"><span class=\"sr-only\">En savoir plus surA propos de Compad<\/span>[&hellip;]<\/a><\/p>\n","protected":false},"author":1,"featured_media":0,"parent":0,"menu_order":0,"comment_status":"closed","ping_status":"open","template":"template-fullwidth.php","meta":[],"_links":{"self":[{"href":"https:\/\/compad.fr\/blog\/wp-json\/wp\/v2\/pages\/2"}],"collection":[{"href":"https:\/\/compad.fr\/blog\/wp-json\/wp\/v2\/pages"}],"about":[{"href":"https:\/\/compad.fr\/blog\/wp-json\/wp\/v2\/types\/page"}],"author":[{"embeddable":true,"href":"https:\/\/compad.fr\/blog\/wp-json\/wp\/v2\/users\/1"}],"replies":[{"embeddable":true,"href":"https:\/\/compad.fr\/blog\/wp-json\/wp\/v2\/comments?post=2"}],"version-history":[{"count":12,"href":"https:\/\/compad.fr\/blog\/wp-json\/wp\/v2\/pages\/2\/revisions"}],"predecessor-version":[{"id":271,"href":"https:\/\/compad.fr\/blog\/wp-json\/wp\/v2\/pages\/2\/revisions\/271"}],"wp:attachment":[{"href":"https:\/\/compad.fr\/blog\/wp-json\/wp\/v2\/media?parent=2"}],"curies":[{"name":"wp","href":"https:\/\/api.w.org\/{rel}","templated":true}]}}