{"id":277,"date":"2021-09-15T16:55:37","date_gmt":"2021-09-15T14:55:37","guid":{"rendered":"https:\/\/compad.fr\/blog\/?page_id=277"},"modified":"2021-09-15T16:58:26","modified_gmt":"2021-09-15T14:58:26","slug":"notre-offre-dassistance-a-distance","status":"publish","type":"page","link":"https:\/\/compad.fr\/blog\/notre-offre-dassistance-a-distance\/","title":{"rendered":"Assistance \u00e0 distance"},"content":{"rendered":"\n<p>Beaucoup d&rsquo;interventions informatiques consistent \u00e0 simplement \u00e0 cocher une case, \u00e0 v\u00e9rifier l&rsquo;authenticit\u00e9 d&rsquo;un mail, \u00e0 lancer une ligne de commande&#8230; Nous ne souhaitions ni facturer une heure de temps pour ces services rendus \u00e0 nos clients, ni facturer des broutilles, ni le faire gracieusement. Nous proposons donc un contrat d&rsquo;assistance \u00e0 distance annuel incluant gratuitement les interventions de moins de 15 minutes, ainsi que la disponibilit\u00e9 d&rsquo;un technicien sous 24h (sur demande). Une sorte de conciergerie informatique accessible 7j\/7 24h\/24 \u00e0 votre service pour toute question, diagnostic, conseil sur un achat, doute s\u00e9curit\u00e9 etc.<\/p>\n\n\n\n<p class=\"has-text-align-left\">Notre abonnement est accessible \u00e0 partir de 49 \u20ac par an et par poste pour les particuliers (soit <strong>4 \u20ac\/mois<\/strong>), et 69 \u20ac par an et par poste pour les entreprises (soit <strong>5,75 \u20ac\/mois<\/strong>). <\/p>\n\n\n\n<p>Au del\u00e0 des 15 minutes offertes, le tarif horaire est de 40 \u20ac, et 49 \u20ac en express (intervention demand\u00e9e sous 24h).<\/p>\n\n\n\n<p>Vous trouverez ci dessous les lien vers nos 2 modules d&rsquo;assistance \u00e0 distance.<\/p>\n\n\n\n<div class=\"wp-block-themeisle-blocks-advanced-columns has-2-columns has-desktop-equal-layout has-tablet-equal-layout has-mobile-collapsedRows-layout has-default-gap has-vertical-flex-start\" id=\"wp-block-themeisle-blocks-advanced-columns-26c85925\"><div class=\"wp-block-themeisle-blocks-advanced-columns-overlay\"><\/div><div class=\"innerblocks-wrap\">\n<div class=\"wp-block-themeisle-blocks-advanced-column\" id=\"wp-block-themeisle-blocks-advanced-column-92097b21\">\n<div class=\"wp-block-cover has-background-dim\"><img loading=\"lazy\" width=\"1024\" height=\"1024\" class=\"wp-block-cover__image-background wp-image-105\" alt=\"\" src=\"http:\/\/compad.fr\/blog\/wp-content\/uploads\/2016\/01\/logo-seul-1024x1024.jpg\" data-object-fit=\"cover\"\/><div class=\"wp-block-cover__inner-container\">\n<p class=\"has-text-align-center has-large-font-size\">Assistance <strong>\u00e0 la demande<\/strong><\/p>\n\n\n\n<p class=\"has-text-align-center\"><a href=\"https:\/\/get.teamviewer.com\/compad69\" target=\"_blank\" rel=\"noreferrer noopener\"><strong><span class=\"has-inline-color has-luminous-vivid-orange-color\">https:\/\/get.teamviewer.com\/compad69<\/span><\/strong><\/a><\/p>\n<\/div><\/div>\n<\/div>\n\n\n\n<div class=\"wp-block-themeisle-blocks-advanced-column\" id=\"wp-block-themeisle-blocks-advanced-column-b07e6214\">\n<div class=\"wp-block-cover aligncenter has-background-dim\"><img loading=\"lazy\" width=\"1024\" height=\"1024\" class=\"wp-block-cover__image-background wp-image-105\" alt=\"\" src=\"http:\/\/compad.fr\/blog\/wp-content\/uploads\/2016\/01\/logo-seul-1024x1024.jpg\" data-object-fit=\"cover\"\/><div class=\"wp-block-cover__inner-container\">\n<p class=\"has-text-align-center has-large-font-size\">Assistance <strong>permanente<\/strong><\/p>\n\n\n\n<p class=\"has-text-align-center\"><a href=\"https:\/\/get.teamviewer.com\/compadhost\" target=\"_blank\" rel=\"noreferrer noopener\"><span class=\"has-inline-color has-luminous-vivid-orange-color\"><strong>https:\/\/get.teamviewer.com\/compadhost<\/strong><\/span><\/a><\/p>\n<\/div><\/div>\n<\/div>\n<\/div><\/div>\n\n\n\n<p><\/p>\n","protected":false},"excerpt":{"rendered":"<p>Beaucoup d&rsquo;interventions informatiques consistent \u00e0 simplement \u00e0 cocher une case, \u00e0 v\u00e9rifier l&rsquo;authenticit\u00e9 d&rsquo;un mail, \u00e0 lancer une ligne de commande&#8230; Nous ne souhaitions ni facturer une heure de temps pour ces services rendus \u00e0 nos clients, ni facturer des broutilles, ni le faire gracieusement. Nous proposons donc un contrat d&rsquo;assistance \u00e0 distance annuel incluant <a href=\"https:\/\/compad.fr\/blog\/notre-offre-dassistance-a-distance\/\" rel=\"nofollow\"><span class=\"sr-only\">En savoir plus surAssistance \u00e0 distance<\/span>[&hellip;]<\/a><\/p>\n","protected":false},"author":1,"featured_media":0,"parent":0,"menu_order":0,"comment_status":"closed","ping_status":"closed","template":"","meta":[],"_links":{"self":[{"href":"https:\/\/compad.fr\/blog\/wp-json\/wp\/v2\/pages\/277"}],"collection":[{"href":"https:\/\/compad.fr\/blog\/wp-json\/wp\/v2\/pages"}],"about":[{"href":"https:\/\/compad.fr\/blog\/wp-json\/wp\/v2\/types\/page"}],"author":[{"embeddable":true,"href":"https:\/\/compad.fr\/blog\/wp-json\/wp\/v2\/users\/1"}],"replies":[{"embeddable":true,"href":"https:\/\/compad.fr\/blog\/wp-json\/wp\/v2\/comments?post=277"}],"version-history":[{"count":6,"href":"https:\/\/compad.fr\/blog\/wp-json\/wp\/v2\/pages\/277\/revisions"}],"predecessor-version":[{"id":284,"href":"https:\/\/compad.fr\/blog\/wp-json\/wp\/v2\/pages\/277\/revisions\/284"}],"wp:attachment":[{"href":"https:\/\/compad.fr\/blog\/wp-json\/wp\/v2\/media?parent=277"}],"curies":[{"name":"wp","href":"https:\/\/api.w.org\/{rel}","templated":true}]}}